{"id":37,"date":"2021-05-21T08:44:38","date_gmt":"2021-05-21T13:44:38","guid":{"rendered":"https:\/\/groupeovation.wpengine.com\/?page_id=37"},"modified":"2022-12-22T09:44:15","modified_gmt":"2022-12-22T14:44:15","slug":"our-distinctive-offer","status":"publish","type":"page","link":"https:\/\/groupe.ovation.ca\/en\/notre-difference\/","title":{"rendered":"Ovation\u2019s distinctive offer"},"content":{"rendered":"<div data-elementor-type=\"wp-page\" data-elementor-id=\"37\" class=\"elementor elementor-37\" data-elementor-post-type=\"page\">\n\t\t\t\t\t\t<section class=\"elementor-section elementor-top-section elementor-element elementor-element-7dc6a05f elementor-section-full_width elementor-section-stretched elementor-section-height-default elementor-section-height-default\" data-id=\"7dc6a05f\" data-element_type=\"section\" data-e-type=\"section\" data-settings=\"{&quot;background_background&quot;:&quot;classic&quot;,&quot;stretch_section&quot;:&quot;section-stretched&quot;}\">\n\t\t\t\t\t\t<div class=\"elementor-container elementor-column-gap-default\">\n\t\t\t\t\t<div class=\"elementor-column elementor-col-16 elementor-top-column elementor-element elementor-element-1f993aba elementor-hidden-mobile elementor-hidden-tablet\" data-id=\"1f993aba\" data-element_type=\"column\" data-e-type=\"column\">\n\t\t\t<div class=\"elementor-widget-wrap\">\n\t\t\t\t\t\t\t<\/div>\n\t\t<\/div>\n\t\t\t\t<div class=\"elementor-column elementor-col-66 elementor-top-column elementor-element elementor-element-7496f7b5\" data-id=\"7496f7b5\" data-element_type=\"column\" data-e-type=\"column\">\n\t\t\t<div class=\"elementor-widget-wrap elementor-element-populated\">\n\t\t\t\t\t\t<div class=\"elementor-element elementor-element-6c007e9f elementor-widget elementor-widget-heading\" data-id=\"6c007e9f\" data-element_type=\"widget\" data-e-type=\"widget\" data-widget_type=\"heading.default\">\n\t\t\t\t<div class=\"elementor-widget-container\">\n\t\t\t\t\t<h1 class=\"elementor-heading-title elementor-size-default\">Imitated, but never matched<\/h1>\t\t\t\t<\/div>\n\t\t\t\t<\/div>\n\t\t\t\t<div class=\"elementor-element elementor-element-69285270 elementor-widget elementor-widget-text-editor\" data-id=\"69285270\" data-element_type=\"widget\" data-e-type=\"widget\" data-widget_type=\"text-editor.default\">\n\t\t\t\t<div class=\"elementor-widget-container\">\n\t\t\t\t\t<style>.elementor-element-69285270{display:none !important}<\/style>\t\t\t\t<\/div>\n\t\t\t\t<\/div>\n\t\t\t\t<div class=\"elementor-element elementor-element-d42ac66 elementor-widget elementor-widget-text-editor\" data-id=\"d42ac66\" data-element_type=\"widget\" data-e-type=\"widget\" data-widget_type=\"text-editor.default\">\n\t\t\t\t<div class=\"elementor-widget-container\">\n\t\t\t\t\t\t\t\t\t<p style=\"text-align: center;\">In every industry, there are those who set the standards and those who trail behind. Our competitors can brag about their experience and skills, but nothing can beat our 40 years of existence.<\/p>\t\t\t\t\t\t\t\t<\/div>\n\t\t\t\t<\/div>\n\t\t\t\t\t<\/div>\n\t\t<\/div>\n\t\t\t\t<div class=\"elementor-column elementor-col-16 elementor-top-column elementor-element elementor-element-27f05df7 elementor-hidden-mobile elementor-hidden-tablet\" data-id=\"27f05df7\" data-element_type=\"column\" data-e-type=\"column\">\n\t\t\t<div class=\"elementor-widget-wrap\">\n\t\t\t\t\t\t\t<\/div>\n\t\t<\/div>\n\t\t\t\t\t<\/div>\n\t\t<\/section>\n\t\t\t\t<section class=\"elementor-section elementor-top-section elementor-element elementor-element-b0c69e5 elementor-section-boxed elementor-section-height-default elementor-section-height-default\" data-id=\"b0c69e5\" data-element_type=\"section\" data-e-type=\"section\">\n\t\t\t\t\t\t<div class=\"elementor-container elementor-column-gap-default\">\n\t\t\t\t\t<div class=\"elementor-column elementor-col-50 elementor-top-column elementor-element elementor-element-a1a91f3\" data-id=\"a1a91f3\" data-element_type=\"column\" data-e-type=\"column\">\n\t\t\t<div class=\"elementor-widget-wrap elementor-element-populated\">\n\t\t\t\t\t\t<div class=\"elementor-element elementor-element-892e6f4 elementor-widget elementor-widget-text-editor\" data-id=\"892e6f4\" data-element_type=\"widget\" data-e-type=\"widget\" data-widget_type=\"text-editor.default\">\n\t\t\t\t<div class=\"elementor-widget-container\">\n\t\t\t\t\t\t\t\t\t<p>This is why our expertise in the field remains unmatched. Moreover, we always put innOvation at the forefront, mixing evolving technology with the expertise of the best professionals in the ticketing field. Our approach leverages the full potential and assets within our team as well as our network of experienced partners.<\/p>\t\t\t\t\t\t\t\t<\/div>\n\t\t\t\t<\/div>\n\t\t\t\t<div class=\"elementor-element elementor-element-ba12b29 elementor-widget elementor-widget-heading\" data-id=\"ba12b29\" data-element_type=\"widget\" data-e-type=\"widget\" data-widget_type=\"heading.default\">\n\t\t\t\t<div class=\"elementor-widget-container\">\n\t\t\t\t\t<h2 class=\"elementor-heading-title elementor-size-default\">Your success is our pride<\/h2>\t\t\t\t<\/div>\n\t\t\t\t<\/div>\n\t\t\t\t<div class=\"elementor-element elementor-element-002004e elementor-widget elementor-widget-text-editor\" data-id=\"002004e\" data-element_type=\"widget\" data-e-type=\"widget\" data-widget_type=\"text-editor.default\">\n\t\t\t\t<div class=\"elementor-widget-container\">\n\t\t\t\t\t\t\t\t\t<p>Our success is directly linked to our clients\u2019 performance. That's why we are committed to continuously improving our tools and their effectiveness. Every development starts with a simple question:<\/p>\t\t\t\t\t\t\t\t<\/div>\n\t\t\t\t<\/div>\n\t\t\t\t<div class=\"elementor-element elementor-element-8101a4b elementor-widget elementor-widget-heading\" data-id=\"8101a4b\" data-element_type=\"widget\" data-e-type=\"widget\" data-widget_type=\"heading.default\">\n\t\t\t\t<div class=\"elementor-widget-container\">\n\t\t\t\t\t<h3 class=\"elementor-heading-title elementor-size-default\">Can this help our clients sell more tickets?<\/h3>\t\t\t\t<\/div>\n\t\t\t\t<\/div>\n\t\t\t\t<div class=\"elementor-element elementor-element-8feae37 elementor-widget elementor-widget-text-editor\" data-id=\"8feae37\" data-element_type=\"widget\" data-e-type=\"widget\" data-widget_type=\"text-editor.default\">\n\t\t\t\t<div class=\"elementor-widget-container\">\n\t\t\t\t\t\t\t\t\t<p>If the answer is yes, we will seek to develop this idea and make it available to all our clients at little or no cost. We do not have an intricate price structure. All our clients can take advantage of every feature and functionality within our solution.<\/p>\t\t\t\t\t\t\t\t<\/div>\n\t\t\t\t<\/div>\n\t\t\t\t\t<\/div>\n\t\t<\/div>\n\t\t\t\t<div class=\"elementor-column elementor-col-50 elementor-top-column elementor-element elementor-element-cd6a318 elementor-hidden-mobile\" data-id=\"cd6a318\" data-element_type=\"column\" data-e-type=\"column\">\n\t\t\t<div class=\"elementor-widget-wrap elementor-element-populated\">\n\t\t\t\t\t\t<div class=\"elementor-element elementor-element-3697849 elementor-widget elementor-widget-image\" data-id=\"3697849\" data-element_type=\"widget\" data-e-type=\"widget\" data-widget_type=\"image.default\">\n\t\t\t\t<div class=\"elementor-widget-container\">\n\t\t\t\t\t\t\t\t\t\t\t\t\t\t\t<img fetchpriority=\"high\" decoding=\"async\" width=\"1000\" height=\"667\" src=\"https:\/\/groupe.ovation.ca\/wp-content\/uploads\/2022\/11\/chef-de-file.png\" class=\"attachment-large size-large wp-image-3332\" alt=\"\" srcset=\"https:\/\/groupe.ovation.ca\/wp-content\/uploads\/2022\/11\/chef-de-file.png 1000w, https:\/\/groupe.ovation.ca\/wp-content\/uploads\/2022\/11\/chef-de-file-300x200.png 300w, https:\/\/groupe.ovation.ca\/wp-content\/uploads\/2022\/11\/chef-de-file-768x512.png 768w, https:\/\/groupe.ovation.ca\/wp-content\/uploads\/2022\/11\/chef-de-file-18x12.png 18w\" sizes=\"(max-width: 1000px) 100vw, 1000px\" \/>\t\t\t\t\t\t\t\t\t\t\t\t\t\t\t<\/div>\n\t\t\t\t<\/div>\n\t\t\t\t\t<\/div>\n\t\t<\/div>\n\t\t\t\t\t<\/div>\n\t\t<\/section>\n\t\t\t\t<section class=\"elementor-section elementor-top-section elementor-element elementor-element-370cbfd elementor-section-boxed elementor-section-height-default elementor-section-height-default\" data-id=\"370cbfd\" data-element_type=\"section\" data-e-type=\"section\" data-settings=\"{&quot;background_background&quot;:&quot;classic&quot;}\">\n\t\t\t\t\t\t<div class=\"elementor-container elementor-column-gap-default\">\n\t\t\t\t\t<div class=\"elementor-column elementor-col-33 elementor-top-column elementor-element elementor-element-d71e67e\" data-id=\"d71e67e\" data-element_type=\"column\" data-e-type=\"column\">\n\t\t\t<div class=\"elementor-widget-wrap elementor-element-populated\">\n\t\t\t\t\t\t<div class=\"elementor-element elementor-element-b98eaa6 elementor-widget elementor-widget-image\" data-id=\"b98eaa6\" data-element_type=\"widget\" data-e-type=\"widget\" data-widget_type=\"image.default\">\n\t\t\t\t<div class=\"elementor-widget-container\">\n\t\t\t\t\t\t\t\t\t\t\t\t\t\t\t<img decoding=\"async\" width=\"1000\" height=\"563\" src=\"https:\/\/groupe.ovation.ca\/wp-content\/uploads\/2022\/11\/programmeur.png\" class=\"attachment-large size-large wp-image-3328\" alt=\"\" srcset=\"https:\/\/groupe.ovation.ca\/wp-content\/uploads\/2022\/11\/programmeur.png 1000w, https:\/\/groupe.ovation.ca\/wp-content\/uploads\/2022\/11\/programmeur-300x169.png 300w, https:\/\/groupe.ovation.ca\/wp-content\/uploads\/2022\/11\/programmeur-768x432.png 768w, https:\/\/groupe.ovation.ca\/wp-content\/uploads\/2022\/11\/programmeur-18x10.png 18w\" sizes=\"(max-width: 1000px) 100vw, 1000px\" \/>\t\t\t\t\t\t\t\t\t\t\t\t\t\t\t<\/div>\n\t\t\t\t<\/div>\n\t\t\t\t\t<\/div>\n\t\t<\/div>\n\t\t\t\t<div class=\"elementor-column elementor-col-66 elementor-top-column elementor-element elementor-element-063439c\" data-id=\"063439c\" data-element_type=\"column\" data-e-type=\"column\">\n\t\t\t<div class=\"elementor-widget-wrap elementor-element-populated\">\n\t\t\t\t\t\t<div class=\"elementor-element elementor-element-2f770cb elementor-widget elementor-widget-heading\" data-id=\"2f770cb\" data-element_type=\"widget\" data-e-type=\"widget\" data-widget_type=\"heading.default\">\n\t\t\t\t<div class=\"elementor-widget-container\">\n\t\t\t\t\t<h2 class=\"elementor-heading-title elementor-size-default\">No surprise billing<\/h2>\t\t\t\t<\/div>\n\t\t\t\t<\/div>\n\t\t\t\t<div class=\"elementor-element elementor-element-85361c8 elementor-widget elementor-widget-text-editor\" data-id=\"85361c8\" data-element_type=\"widget\" data-e-type=\"widget\" data-widget_type=\"text-editor.default\">\n\t\t\t\t<div class=\"elementor-widget-container\">\n\t\t\t\t\t\t\t\t\t<p>Most companies will charge for developing an idea, training, assisting with problems, etc.<\/p><p>At <i>Ovation<\/i>, this is free of charge. Our clients will not be billed for support, training or development, no matter how much time and\/or money we\u2019ve invested.<\/p><p>We focus first on our clients\u2019 performance because we all win when they are more efficient at what they do!<\/p>\t\t\t\t\t\t\t\t<\/div>\n\t\t\t\t<\/div>\n\t\t\t\t\t<\/div>\n\t\t<\/div>\n\t\t\t\t\t<\/div>\n\t\t<\/section>\n\t\t\t\t<section class=\"elementor-section elementor-top-section elementor-element elementor-element-0bce841 elementor-section-boxed elementor-section-height-default elementor-section-height-default\" data-id=\"0bce841\" data-element_type=\"section\" data-e-type=\"section\">\n\t\t\t\t\t\t<div class=\"elementor-container elementor-column-gap-default\">\n\t\t\t\t\t<div class=\"elementor-column elementor-col-100 elementor-top-column elementor-element elementor-element-c84cc5f\" data-id=\"c84cc5f\" data-element_type=\"column\" data-e-type=\"column\">\n\t\t\t<div class=\"elementor-widget-wrap elementor-element-populated\">\n\t\t\t\t\t\t<div class=\"elementor-element elementor-element-9951e4d elementor-hidden-mobile elementor-widget elementor-widget-heading\" data-id=\"9951e4d\" data-element_type=\"widget\" data-e-type=\"widget\" data-widget_type=\"heading.default\">\n\t\t\t\t<div class=\"elementor-widget-container\">\n\t\t\t\t\t<p class=\"elementor-heading-title elementor-size-default\">Would you like to know more about us?<\/p>\t\t\t\t<\/div>\n\t\t\t\t<\/div>\n\t\t\t\t<div class=\"elementor-element elementor-element-ff374df elementor-hidden-desktop elementor-hidden-tablet elementor-widget elementor-widget-heading\" data-id=\"ff374df\" data-element_type=\"widget\" data-e-type=\"widget\" data-widget_type=\"heading.default\">\n\t\t\t\t<div class=\"elementor-widget-container\">\n\t\t\t\t\t<p class=\"elementor-heading-title elementor-size-default\">Would you like to know more about us? <\/p>\t\t\t\t<\/div>\n\t\t\t\t<\/div>\n\t\t\t\t<div class=\"elementor-element elementor-element-ad0c45b elementor-widget elementor-widget-text-editor\" data-id=\"ad0c45b\" data-element_type=\"widget\" data-e-type=\"widget\" data-widget_type=\"text-editor.default\">\n\t\t\t\t<div class=\"elementor-widget-container\">\n\t\t\t\t\t<style>.elementor-element-ad0c45b{display:none !important}<\/style>\t\t\t\t<\/div>\n\t\t\t\t<\/div>\n\t\t\t\t<div class=\"elementor-element elementor-element-1b17458 elementor-widget elementor-widget-text-editor\" data-id=\"1b17458\" data-element_type=\"widget\" data-e-type=\"widget\" data-widget_type=\"text-editor.default\">\n\t\t\t\t<div class=\"elementor-widget-container\">\n\t\t\t\t\t\t\t\t\t<p>Visit our <a href=\"\/en\/a-propos\/\"><span style=\"text-decoration: underline;\">About<\/span><\/a> page to learn more about <em>Ovation<\/em>&lsquo;s history and core values.<\/p>\t\t\t\t\t\t\t\t<\/div>\n\t\t\t\t<\/div>\n\t\t\t\t\t<\/div>\n\t\t<\/div>\n\t\t\t\t\t<\/div>\n\t\t<\/section>\n\t\t\t\t<\/div>","protected":false},"excerpt":{"rendered":"<p>Imit\u00e9, mais jamais \u00e9gal\u00e9 Dans chaque industrie, il y a ceux qui d\u00e9finissent les standards et les autres. Chez Ovation nous sommes un chef de file. Nos concurrents peuvent se vanter de leur exp\u00e9rience et de leurs comp\u00e9tences, mais rien ne peut surclasser nos 40 ans de maturit\u00e9. In every industry, there are those who [&hellip;]<\/p>\n","protected":false},"author":1,"featured_media":0,"parent":0,"menu_order":-800,"comment_status":"closed","ping_status":"closed","template":"","meta":{"inline_featured_image":false,"site-sidebar-layout":"no-sidebar","site-content-layout":"page-builder","ast-site-content-layout":"default","site-content-style":"default","site-sidebar-style":"default","ast-global-header-display":"","ast-banner-title-visibility":"","ast-main-header-display":"","ast-hfb-above-header-display":"","ast-hfb-below-header-display":"","ast-hfb-mobile-header-display":"","site-post-title":"disabled","ast-breadcrumbs-content":"","ast-featured-img":"disabled","footer-sml-layout":"","ast-disable-related-posts":"","theme-transparent-header-meta":"default","adv-header-id-meta":"","stick-header-meta":"","header-above-stick-meta":"","header-main-stick-meta":"","header-below-stick-meta":"","astra-migrate-meta-layouts":"default","ast-page-background-enabled":"default","ast-page-background-meta":{"desktop":{"background-color":"","background-image":"","background-repeat":"repeat","background-position":"center center","background-size":"auto","background-attachment":"scroll","background-type":"","background-media":"","overlay-type":"","overlay-color":"","overlay-opacity":"","overlay-gradient":""},"tablet":{"background-color":"","background-image":"","background-repeat":"repeat","background-position":"center center","background-size":"auto","background-attachment":"scroll","background-type":"","background-media":"","overlay-type":"","overlay-color":"","overlay-opacity":"","overlay-gradient":""},"mobile":{"background-color":"","background-image":"","background-repeat":"repeat","background-position":"center center","background-size":"auto","background-attachment":"scroll","background-type":"","background-media":"","overlay-type":"","overlay-color":"","overlay-opacity":"","overlay-gradient":""}},"ast-content-background-meta":{"desktop":{"background-color":"var(--ast-global-color-5)","background-image":"","background-repeat":"repeat","background-position":"center center","background-size":"auto","background-attachment":"scroll","background-type":"","background-media":"","overlay-type":"","overlay-color":"","overlay-opacity":"","overlay-gradient":""},"tablet":{"background-color":"var(--ast-global-color-5)","background-image":"","background-repeat":"repeat","background-position":"center center","background-size":"auto","background-attachment":"scroll","background-type":"","background-media":"","overlay-type":"","overlay-color":"","overlay-opacity":"","overlay-gradient":""},"mobile":{"background-color":"var(--ast-global-color-5)","background-image":"","background-repeat":"repeat","background-position":"center center","background-size":"auto","background-attachment":"scroll","background-type":"","background-media":"","overlay-type":"","overlay-color":"","overlay-opacity":"","overlay-gradient":""}},"footnotes":""},"class_list":["post-37","page","type-page","status-publish","hentry"],"yoast_head":"<!-- This site is optimized with the Yoast SEO plugin v27.2 - https:\/\/yoast.com\/product\/yoast-seo-wordpress\/ -->\n<title>Notre diff\u00e9rence | Ovation<\/title>\n<meta name=\"robots\" content=\"index, follow, max-snippet:-1, max-image-preview:large, max-video-preview:-1\" \/>\n<link rel=\"canonical\" href=\"https:\/\/groupe.ovation.ca\/en\/our-distinctive-offer\/\" \/>\n<meta property=\"og:locale\" content=\"en_US\" \/>\n<meta property=\"og:type\" content=\"article\" \/>\n<meta property=\"og:title\" content=\"Notre diff\u00e9rence | Ovation\" \/>\n<meta property=\"og:description\" content=\"Imit\u00e9, mais jamais \u00e9gal\u00e9 Dans chaque industrie, il y a ceux qui d\u00e9finissent les standards et les autres. Chez Ovation nous sommes un chef de file. Nos concurrents peuvent se vanter de leur exp\u00e9rience et de leurs comp\u00e9tences, mais rien ne peut surclasser nos 40 ans de maturit\u00e9. In every industry, there are those who [&hellip;]\" \/>\n<meta property=\"og:url\" content=\"https:\/\/groupe.ovation.ca\/en\/our-distinctive-offer\/\" \/>\n<meta property=\"og:site_name\" content=\"Ovation\" \/>\n<meta property=\"article:modified_time\" content=\"2022-12-22T14:44:15+00:00\" \/>\n<meta property=\"og:image\" content=\"https:\/\/groupeovation.wpengine.com\/wp-content\/uploads\/2022\/11\/chef-de-file.png\" \/>\n<meta name=\"twitter:card\" content=\"summary_large_image\" \/>\n<meta name=\"twitter:label1\" content=\"Est. reading time\" \/>\n\t<meta name=\"twitter:data1\" content=\"2 minutes\" \/>\n<script type=\"application\/ld+json\" class=\"yoast-schema-graph\">{\"@context\":\"https:\/\/schema.org\",\"@graph\":[{\"@type\":\"WebPage\",\"@id\":\"https:\/\/groupe.ovation.ca\/notre-difference\/\",\"url\":\"https:\/\/groupe.ovation.ca\/notre-difference\/\",\"name\":\"Notre diff\u00e9rence | Ovation\",\"isPartOf\":{\"@id\":\"https:\/\/groupe.ovation.ca\/#website\"},\"primaryImageOfPage\":{\"@id\":\"https:\/\/groupe.ovation.ca\/notre-difference\/#primaryimage\"},\"image\":{\"@id\":\"https:\/\/groupe.ovation.ca\/notre-difference\/#primaryimage\"},\"thumbnailUrl\":\"https:\/\/groupeovation.wpengine.com\/wp-content\/uploads\/2022\/11\/chef-de-file.png\",\"datePublished\":\"2021-05-21T13:44:38+00:00\",\"dateModified\":\"2022-12-22T14:44:15+00:00\",\"breadcrumb\":{\"@id\":\"https:\/\/groupe.ovation.ca\/notre-difference\/#breadcrumb\"},\"inLanguage\":\"en-CA\",\"potentialAction\":[{\"@type\":\"ReadAction\",\"target\":[\"https:\/\/groupe.ovation.ca\/notre-difference\/\"]}]},{\"@type\":\"ImageObject\",\"inLanguage\":\"en-CA\",\"@id\":\"https:\/\/groupe.ovation.ca\/notre-difference\/#primaryimage\",\"url\":\"https:\/\/groupeovation.wpengine.com\/wp-content\/uploads\/2022\/11\/chef-de-file.png\",\"contentUrl\":\"https:\/\/groupeovation.wpengine.com\/wp-content\/uploads\/2022\/11\/chef-de-file.png\"},{\"@type\":\"BreadcrumbList\",\"@id\":\"https:\/\/groupe.ovation.ca\/notre-difference\/#breadcrumb\",\"itemListElement\":[{\"@type\":\"ListItem\",\"position\":1,\"name\":\"Accueil\",\"item\":\"https:\/\/groupe.ovation.ca\/\"},{\"@type\":\"ListItem\",\"position\":2,\"name\":\"Notre diff\u00e9rence\"}]},{\"@type\":\"WebSite\",\"@id\":\"https:\/\/groupe.ovation.ca\/#website\",\"url\":\"https:\/\/groupe.ovation.ca\/\",\"name\":\"Ovation\",\"description\":\"Vivez l&#039;exp\u00e9rience Ovation\",\"publisher\":{\"@id\":\"https:\/\/groupe.ovation.ca\/#organization\"},\"potentialAction\":[{\"@type\":\"SearchAction\",\"target\":{\"@type\":\"EntryPoint\",\"urlTemplate\":\"https:\/\/groupe.ovation.ca\/?s={search_term_string}\"},\"query-input\":{\"@type\":\"PropertyValueSpecification\",\"valueRequired\":true,\"valueName\":\"search_term_string\"}}],\"inLanguage\":\"en-CA\"},{\"@type\":\"Organization\",\"@id\":\"https:\/\/groupe.ovation.ca\/#organization\",\"name\":\"Ovation\",\"url\":\"https:\/\/groupe.ovation.ca\/\",\"logo\":{\"@type\":\"ImageObject\",\"inLanguage\":\"en-CA\",\"@id\":\"https:\/\/groupe.ovation.ca\/#\/schema\/logo\/image\/\",\"url\":\"https:\/\/groupeovation.wpengine.com\/wp-content\/uploads\/2021\/11\/Logo_Ovation_Couleur.png\",\"contentUrl\":\"https:\/\/groupeovation.wpengine.com\/wp-content\/uploads\/2021\/11\/Logo_Ovation_Couleur.png\",\"width\":4454,\"height\":1436,\"caption\":\"Ovation\"},\"image\":{\"@id\":\"https:\/\/groupe.ovation.ca\/#\/schema\/logo\/image\/\"}}]}<\/script>\n<!-- \/ Yoast SEO plugin. -->","yoast_head_json":{"title":"Notre diff\u00e9rence | Ovation","robots":{"index":"index","follow":"follow","max-snippet":"max-snippet:-1","max-image-preview":"max-image-preview:large","max-video-preview":"max-video-preview:-1"},"canonical":"https:\/\/groupe.ovation.ca\/en\/our-distinctive-offer\/","og_locale":"en_US","og_type":"article","og_title":"Notre diff\u00e9rence | Ovation","og_description":"Imit\u00e9, mais jamais \u00e9gal\u00e9 Dans chaque industrie, il y a ceux qui d\u00e9finissent les standards et les autres. Chez Ovation nous sommes un chef de file. Nos concurrents peuvent se vanter de leur exp\u00e9rience et de leurs comp\u00e9tences, mais rien ne peut surclasser nos 40 ans de maturit\u00e9. In every industry, there are those who [&hellip;]","og_url":"https:\/\/groupe.ovation.ca\/en\/our-distinctive-offer\/","og_site_name":"Ovation","article_modified_time":"2022-12-22T14:44:15+00:00","og_image":[{"url":"https:\/\/groupeovation.wpengine.com\/wp-content\/uploads\/2022\/11\/chef-de-file.png","type":"","width":"","height":""}],"twitter_card":"summary_large_image","twitter_misc":{"Est. reading time":"2 minutes"},"schema":{"@context":"https:\/\/schema.org","@graph":[{"@type":"WebPage","@id":"https:\/\/groupe.ovation.ca\/notre-difference\/","url":"https:\/\/groupe.ovation.ca\/notre-difference\/","name":"Notre diff\u00e9rence | Ovation","isPartOf":{"@id":"https:\/\/groupe.ovation.ca\/#website"},"primaryImageOfPage":{"@id":"https:\/\/groupe.ovation.ca\/notre-difference\/#primaryimage"},"image":{"@id":"https:\/\/groupe.ovation.ca\/notre-difference\/#primaryimage"},"thumbnailUrl":"https:\/\/groupeovation.wpengine.com\/wp-content\/uploads\/2022\/11\/chef-de-file.png","datePublished":"2021-05-21T13:44:38+00:00","dateModified":"2022-12-22T14:44:15+00:00","breadcrumb":{"@id":"https:\/\/groupe.ovation.ca\/notre-difference\/#breadcrumb"},"inLanguage":"en-CA","potentialAction":[{"@type":"ReadAction","target":["https:\/\/groupe.ovation.ca\/notre-difference\/"]}]},{"@type":"ImageObject","inLanguage":"en-CA","@id":"https:\/\/groupe.ovation.ca\/notre-difference\/#primaryimage","url":"https:\/\/groupeovation.wpengine.com\/wp-content\/uploads\/2022\/11\/chef-de-file.png","contentUrl":"https:\/\/groupeovation.wpengine.com\/wp-content\/uploads\/2022\/11\/chef-de-file.png"},{"@type":"BreadcrumbList","@id":"https:\/\/groupe.ovation.ca\/notre-difference\/#breadcrumb","itemListElement":[{"@type":"ListItem","position":1,"name":"Accueil","item":"https:\/\/groupe.ovation.ca\/"},{"@type":"ListItem","position":2,"name":"Notre diff\u00e9rence"}]},{"@type":"WebSite","@id":"https:\/\/groupe.ovation.ca\/#website","url":"https:\/\/groupe.ovation.ca\/","name":"Ovation","description":"Live the Ovation experience","publisher":{"@id":"https:\/\/groupe.ovation.ca\/#organization"},"potentialAction":[{"@type":"SearchAction","target":{"@type":"EntryPoint","urlTemplate":"https:\/\/groupe.ovation.ca\/?s={search_term_string}"},"query-input":{"@type":"PropertyValueSpecification","valueRequired":true,"valueName":"search_term_string"}}],"inLanguage":"en-CA"},{"@type":"Organization","@id":"https:\/\/groupe.ovation.ca\/#organization","name":"Ovation","url":"https:\/\/groupe.ovation.ca\/","logo":{"@type":"ImageObject","inLanguage":"en-CA","@id":"https:\/\/groupe.ovation.ca\/#\/schema\/logo\/image\/","url":"https:\/\/groupeovation.wpengine.com\/wp-content\/uploads\/2021\/11\/Logo_Ovation_Couleur.png","contentUrl":"https:\/\/groupeovation.wpengine.com\/wp-content\/uploads\/2021\/11\/Logo_Ovation_Couleur.png","width":4454,"height":1436,"caption":"Ovation"},"image":{"@id":"https:\/\/groupe.ovation.ca\/#\/schema\/logo\/image\/"}}]}},"_links":{"self":[{"href":"https:\/\/groupe.ovation.ca\/en\/wp-json\/wp\/v2\/pages\/37","targetHints":{"allow":["GET"]}}],"collection":[{"href":"https:\/\/groupe.ovation.ca\/en\/wp-json\/wp\/v2\/pages"}],"about":[{"href":"https:\/\/groupe.ovation.ca\/en\/wp-json\/wp\/v2\/types\/page"}],"author":[{"embeddable":true,"href":"https:\/\/groupe.ovation.ca\/en\/wp-json\/wp\/v2\/users\/1"}],"replies":[{"embeddable":true,"href":"https:\/\/groupe.ovation.ca\/en\/wp-json\/wp\/v2\/comments?post=37"}],"version-history":[{"count":0,"href":"https:\/\/groupe.ovation.ca\/en\/wp-json\/wp\/v2\/pages\/37\/revisions"}],"wp:attachment":[{"href":"https:\/\/groupe.ovation.ca\/en\/wp-json\/wp\/v2\/media?parent=37"}],"curies":[{"name":"wp","href":"https:\/\/api.w.org\/{rel}","templated":true}]}}